{"id":313,"date":"2022-01-31T12:39:03","date_gmt":"2022-01-31T12:39:03","guid":{"rendered":"https:\/\/www.evergreencontentposter.io\/ueber-uns\/"},"modified":"2022-05-12T10:47:16","modified_gmt":"2022-05-12T08:47:16","slug":"ueber-uns","status":"publish","type":"page","link":"https:\/\/www.evergreencontentposter.com\/de\/ueber-uns\/","title":{"rendered":"\u00dcber uns"},"content":{"rendered":"<p>Die Plugins Evergreen Content Poster und Selection Sharer wurden von einem Team professioneller Content-Ersteller, Designer und Entwickler erstellt, die ein gro\u00dfes Interesse an Content-Marketing haben.<\/p>\n<p>Wir haben aus erster Hand gesehen, wie gro\u00dfe und kleine Unternehmen mit Content-Marketing beginnen, immer wieder auf die Schaltfl\u00e4che \u201eVer\u00f6ffentlichen\u201c klicken und keine Ergebnisse erzielen. Aus diesem Grund haben wir uns entschieden, mit der Entwicklung von Plugins zu beginnen, die das Marketing zur\u00fcck in das Content-Marketing bringen.<\/p>\n<p>Plugins, die dazu beitragen, das Benutzerengagement zu erh\u00f6hen und die Besucherzahlen der Website zu steigern.<\/p>\n<p>Eine Idee, die urspr\u00fcnglich dazu gedacht war, unseren eigenen Juckreiz und den unserer Kunden zu kratzen, ist nun zu einer Vision geworden, die Inhaltserstellern auf der ganzen Welt hilft.<\/p>\n<p>Wir iterieren und bauen weiterhin auf unserer urspr\u00fcnglichen Idee auf und haben noch mehr Ideen in der Pipeline, die Content-Erstellern, kleinen und gro\u00dfen Unternehmen helfen werden, das Beste aus den von ihnen erstellten Inhalten herauszuholen.<\/p>\n<h2 style=\"text-align: center;\">Wir w\u00fcrden uns freuen, von Ihnen zu h\u00f6ren.<br \/>\nLass uns gemeinsam etwas Gro\u00dfartiges schaffen!<\/h2>\n<p style=\"text-align: center;\"><a href=\"https:\/\/www.evergreencontentposter.com\/de\/kontakt-aufnehmen\/\" class=\"button orange\">Kontakt aufnehmen<\/a><\/p>\n","protected":false},"excerpt":{"rendered":"<p>Die Plugins Evergreen Content Poster und Selection Sharer wurden von einem Team professioneller Content-Ersteller, Designer und Entwickler erstellt, die ein gro\u00dfes Interesse an Content-Marketing haben. Wir haben aus erster Hand gesehen, wie gro\u00dfe und kleine Unternehmen mit Content-Marketing beginnen, immer wieder auf die Schaltfl\u00e4che \u201eVer\u00f6ffentlichen\u201c klicken und keine Ergebnisse erzielen. Aus diesem Grund haben wir [&hellip;]<\/p>\n","protected":false},"author":1,"featured_media":0,"parent":0,"menu_order":0,"comment_status":"closed","ping_status":"closed","template":"","meta":{"_acf_changed":false,"inline_featured_image":false,"_genesis_hide_title":false,"_genesis_hide_breadcrumbs":false,"_genesis_hide_singular_image":false,"_genesis_hide_footer_widgets":false,"_genesis_custom_body_class":"","_genesis_custom_post_class":"","_genesis_layout":"centered-content","footnotes":""},"class_list":{"0":"post-313","1":"page","2":"type-page","3":"status-publish","5":"entry"},"acf":[],"_links":{"self":[{"href":"https:\/\/www.evergreencontentposter.com\/de\/wp-json\/wp\/v2\/pages\/313","targetHints":{"allow":["GET"]}}],"collection":[{"href":"https:\/\/www.evergreencontentposter.com\/de\/wp-json\/wp\/v2\/pages"}],"about":[{"href":"https:\/\/www.evergreencontentposter.com\/de\/wp-json\/wp\/v2\/types\/page"}],"author":[{"embeddable":true,"href":"https:\/\/www.evergreencontentposter.com\/de\/wp-json\/wp\/v2\/users\/1"}],"replies":[{"embeddable":true,"href":"https:\/\/www.evergreencontentposter.com\/de\/wp-json\/wp\/v2\/comments?post=313"}],"version-history":[{"count":0,"href":"https:\/\/www.evergreencontentposter.com\/de\/wp-json\/wp\/v2\/pages\/313\/revisions"}],"wp:attachment":[{"href":"https:\/\/www.evergreencontentposter.com\/de\/wp-json\/wp\/v2\/media?parent=313"}],"curies":[{"name":"wp","href":"https:\/\/api.w.org\/{rel}","templated":true}]}}