{"id":719,"date":"2022-03-22T11:13:44","date_gmt":"2022-03-22T11:13:44","guid":{"rendered":"https:\/\/www.evergreencontentposter.io\/bedingungen-und-konditionen\/"},"modified":"2022-03-23T13:49:38","modified_gmt":"2022-03-23T13:49:38","slug":"bedingungen","status":"publish","type":"page","link":"https:\/\/www.evergreencontentposter.com\/de\/bedingungen\/","title":{"rendered":"Bedingungen und Konditionen"},"content":{"rendered":"<p>DURCH DEN BESUCH VON evergreencontentposter.io SIND SIE MIT UNSEREN GESCH\u00c4FTSBEDINGUNGEN EINVERSTANDEN.<\/p>\n<h2>\u00dcBERBLICK<\/h2>\n<p>Die Begriffe &#8222;wir&#8220;, &#8222;uns&#8220; und &#8222;unser&#8220; beziehen sich auf User Growth Ltd. Der Begriff &#8222;Website&#8220; bezieht sich auf evergreencontentposter.io. Die Begriffe &#8222;Nutzer&#8220;, &#8222;Sie&#8220; und &#8222;Ihr&#8220; beziehen sich auf Website-Besucher, Kunden und alle anderen Nutzer der Website.<\/p>\n<p>Die Evergreen Content Poster Website (evergreencontentposter.io) ist ein Blog, eine digitale Brosch\u00fcre, ein Mitgliederbereich, und ist der Ort, wo Produkte verkauft werden.<\/p>\n<p>Die Nutzung von evergreencontentposter.io, einschlie\u00dflich aller hier pr\u00e4sentierten Materialien und aller von User Growth Ltd. angebotenen Online-Dienste, unterliegt den folgenden Allgemeinen Gesch\u00e4ftsbedingungen. Diese Allgemeinen Gesch\u00e4ftsbedingungen gelten f\u00fcr alle Besucher der Website, Kunden und alle anderen Nutzer der Website. Durch die Nutzung der Seite oder der Dienstleistung erkl\u00e4ren Sie sich mit diesen Allgemeinen Gesch\u00e4ftsbedingungen ohne \u00c4nderungen einverstanden und best\u00e4tigen, dass Sie sie gelesen haben.<\/p>\n<h2>NUTZUNG DER SITE UND DES SERVICE<\/h2>\n<p>Um auf die Website zuzugreifen oder sie zu nutzen, m\u00fcssen Sie mindestens 18 Jahre alt sein und \u00fcber die erforderliche Befugnis und Autorit\u00e4t verf\u00fcgen, um diese Bedingungen einzuhalten. Kindern unter 18 Jahren ist die Nutzung der Website untersagt. Die auf der Website und im Service zur Verf\u00fcgung gestellten Informationen in Bezug auf Premium WordPress Plugins und andere Informationen k\u00f6nnen sich \u00e4ndern. User Growth Ltd. gibt keine Zusicherung oder Garantie, dass die bereitgestellten Informationen, unabh\u00e4ngig von ihrer Quelle (der &#8222;Inhalt&#8220;), genau, vollst\u00e4ndig, zuverl\u00e4ssig, aktuell oder fehlerfrei sind. User Growth LTd. lehnt jede Haftung f\u00fcr Ungenauigkeiten, Fehler oder Unvollst\u00e4ndigkeiten im Inhalt ab.<\/p>\n<h2>KONTOTERSTELLUNG<\/h2>\n<p>Um den Service nutzen zu k\u00f6nnen, m\u00fcssen Sie m\u00f6glicherweise Informationen \u00fcber sich selbst angeben, einschlie\u00dflich Ihres Namens, Ihrer E-Mail-Adresse, Ihres Benutzernamens und Passworts sowie anderer pers\u00f6nlicher Informationen. Du stimmst zu, dass alle Registrierungsinformationen, die du User Growth Ltd. zur Verf\u00fcgung stellst, immer genau, korrekt und aktuell sind. Sie d\u00fcrfen sich nicht als eine andere Person ausgeben oder Kontoinformationen oder eine andere E-Mail-Adresse als Ihre eigene angeben. Ihr Konto darf nicht f\u00fcr illegale oder unbefugte Zwecke verwendet werden. Sie d\u00fcrfen bei der Nutzung des Dienstes nicht gegen die in Ihrem Land geltenden Gesetze versto\u00dfen.<\/p>\n<h2>SONSTIGE ZWECKE<\/h2>\n<p>Sie d\u00fcrfen die Website und den Dienst nur zu rechtm\u00e4\u00dfigen Zwecken nutzen. Sie erkl\u00e4ren sich damit einverstanden, f\u00fcr alle K\u00e4ufe, die Sie oder eine in Ihrem Namen handelnde Person \u00fcber die Website t\u00e4tigen, finanziell verantwortlich zu sein. Sie erkl\u00e4ren sich damit einverstanden, die Website und den Kauf von Dienstleistungen oder Produkten \u00fcber die Website nur f\u00fcr rechtm\u00e4\u00dfige, nicht kommerzielle Zwecke zu nutzen. Es ist Ihnen nicht gestattet, \u00fcber die Website Material zu ver\u00f6ffentlichen oder zu \u00fcbermitteln, das die Rechte anderer verletzt, das bedrohlich, beleidigend, verleumderisch, verletzend, vulg\u00e4r, obsz\u00f6n, gottesl\u00e4sterlich oder anderweitig anst\u00f6\u00dfig ist, das verletzende Formeln, Rezepte oder Anweisungen enth\u00e4lt, das zu einem Verhalten anregt, das eine Straftat darstellt, zu einer zivilrechtlichen Haftung f\u00fchrt oder anderweitig gegen ein Gesetz verst\u00f6\u00dft.<\/p>\n<h2>VERWEIGERUNG DES DIENSTES<\/h2>\n<p>Die Dienstleistungen werden unter dem Vorbehalt angeboten, dass wir Ihre Bestellung oder Anfrage annehmen. Wir behalten uns das Recht vor, den Service f\u00fcr jede Bestellung, Person oder Einrichtung abzulehnen, ohne dass wir verpflichtet sind, einen Grund daf\u00fcr anzugeben. Eine Bestellung gilt erst dann als von uns angenommen, wenn die Zahlung bearbeitet worden ist. Wir k\u00f6nnen jederzeit jeden Aspekt oder jede Funktion der Website oder des Dienstes \u00e4ndern oder einstellen, vorausgesetzt, wir erf\u00fcllen unsere fr\u00fcheren Verpflichtungen Ihnen gegen\u00fcber auf der Grundlage der Annahme Ihrer Zahlung.<\/p>\n<h2>Bestellbest\u00e4tigung<\/h2>\n<p>Wir schicken Ihnen eine E-Mail, um die Aufgabe Ihrer Bestellung zu best\u00e4tigen und Sie \u00fcber die Lieferung der Produkte zu informieren. Sollte in dieser E-Mail-Best\u00e4tigung ein Fehler enthalten sein, so liegt es in Ihrer Verantwortung, uns so schnell wie m\u00f6glich zu informieren.<\/p>\n<h2>Stornierungen, R\u00fcckerstattungen &amp; R\u00fccksendungen<\/h2>\n<p>Wenn Sie Probleme haben, ein Plugin zum Laufen zu bringen, erstatten wir Ihnen gerne innerhalb von 45 Tagen nach dem urspr\u00fcnglichen Kauf den vollen Kaufpreis, ohne dass Sie Fragen stellen m\u00fcssen. Nach 45 Tagen f\u00fcr Erstk\u00e4ufe oder nach 15 Tagen f\u00fcr Verl\u00e4ngerungszahlungen werden absolut keine R\u00fcckerstattungen mehr gew\u00e4hrt. Die Bearbeitung von Erstattungsantr\u00e4gen kann bis zu 15 Tage dauern. R\u00fcckerstattungen werden nach dem alleinigen Ermessen von User Growth Ltd. gew\u00e4hrt.<\/p>\n<p>We stand behind our 100% Satisfaction guarantee and would love the opportunity to assist you with any issues you may experience before settling on a possible refund. Alles, was Sie tun m\u00fcssen, ist, sich \u00fcber unser <a href=\"https:\/\/www.evergreencontentposter.com\/de\/kontakt-aufnehmen\/\">Kontaktformular<\/a> zu melden, und wir werden alles tun, was wir k\u00f6nnen, um Ihnen bei Problemen mit unseren Plugins zu helfen.<\/p>\n<p>Bitte beachten Sie, dass Sie mit dem Kauf von Plugins von User Growth Ltd. den Bedingungen dieser R\u00fcckerstattungsrichtlinie zustimmen.<\/p>\n<h2>PRODUKTBESCHREIBUNG<\/h2>\n<p>Wir bem\u00fchen uns, den Dienst so genau wie m\u00f6glich zu beschreiben und darzustellen. Obwohl wir versuchen, den Service so klar wie m\u00f6glich zu beschreiben, k\u00f6nnen wir nicht garantieren, dass die Website vollst\u00e4ndig korrekt, aktuell oder fehlerfrei ist. Von Zeit zu Zeit k\u00f6nnen wir Fehler in den Preisen und Beschreibungen korrigieren. Wir behalten uns das Recht vor, jede Bestellung mit einer falschen Preisangabe abzulehnen oder zu stornieren.<\/p>\n<h2>MATERIAL, das Sie an die Website \u00fcbermitteln<\/h2>\n<p>Es ist Ihnen nicht gestattet, Grafiken, Fotos oder andere Materialien (zusammenfassend &#8222;Materialien&#8220;), die durch Urheberrechte, Markenrechte oder andere Eigentumsrechte gesch\u00fctzt sind, auf die Website hochzuladen, zu ver\u00f6ffentlichen oder anderweitig zur Verf\u00fcgung zu stellen, ohne die ausdr\u00fcckliche schriftliche Genehmigung des Eigent\u00fcmers der Urheberrechte, Markenrechte oder anderer Eigentumsrechte einzuholen, wobei die Beweislast daf\u00fcr, dass die Materialien nicht gesch\u00fctzt sind, allein bei Ihnen liegt. Sie haften f\u00fcr alle Sch\u00e4den, die sich aus der Verletzung von Urheberrechten, Warenzeichen oder anderen Eigentumsrechten ergeben, sowie f\u00fcr alle anderen Sch\u00e4den, die sich aus einer solchen \u00dcbermittlung ergeben. F\u00fcr alle von Ihnen an die Website \u00fcbermittelten Materialien sichern Sie automatisch zu, dass Sie die Befugnis haben, die Materialien zu verwenden und zu verbreiten, und dass die Verwendung oder Anzeige der Materialien nicht gegen Gesetze, Regeln, Vorschriften oder Rechte Dritter versto\u00dfen wird.<\/p>\n<h2>GEISTIGES EIGENTUMSRECHT AN IHREN MATERIALIEN<\/h2>\n<p>Wir beanspruchen keine geistigen Eigentumsrechte an dem Material, das Sie User Growth Ltd. zur Verf\u00fcgung stellen. Sie behalten das Urheberrecht und alle anderen Rechte, die Sie rechtm\u00e4\u00dfig an allen Inhalten haben, die Sie \u00fcber die Website oder den Service einreichen. Der Inhalt, den Sie an User Growth Ltd. \u00fcbermitteln, bleibt Ihr Eigentum, soweit Sie irgendwelche Rechtsanspr\u00fcche darauf haben. Sie erkl\u00e4ren sich damit einverstanden, User Growth Ltd. von allen Anspr\u00fcchen, Haftungen und Kosten freizustellen, die sich aus einer m\u00f6glichen oder tats\u00e4chlichen Urheberrechts- oder Markenrechtsverletzung ergeben, die gegen Sie geltend gemacht wird. Indem Sie Material auf der Website ver\u00f6ffentlichen, gew\u00e4hren Sie uns eine weltweite, nicht-exklusive, unwiderrufliche Lizenz, das Material f\u00fcr Werbe-, Gesch\u00e4ftsentwicklungs- und Marketingzwecke zu verwenden.<\/p>\n<h2>UNSER GEISTIGES EIGENTUM<\/h2>\n<p>Die Website und der Service enthalten geistiges Eigentum, das Eigentum von User Growth Ltd. ist, einschlie\u00dflich Marken, Urheberrechte, gesch\u00fctzte Informationen und anderes geistiges Eigentum. Es ist Ihnen nicht gestattet, den Inhalt oder das geistige Eigentum der Website oder der Dienstleistung ganz oder teilweise ohne unsere vorherige schriftliche Zustimmung zu ver\u00e4ndern, zu ver\u00f6ffentlichen, zu \u00fcbertragen, sich an der \u00dcbertragung oder dem Verkauf zu beteiligen, abgeleitete Werke zu erstellen, zu verteilen, auszustellen, zu reproduzieren oder vorzuf\u00fchren oder in irgendeiner Weise in irgendeinem Format zu verwerten. Wir behalten uns das Recht vor, Sie sofort und ohne R\u00fcckerstattung aus dem Dienst zu entfernen, wenn Sie bei der Verletzung dieser Richtlinie zum geistigen Eigentum erwischt werden.<\/p>\n<h2>GE\u00c4NDERTE BEDINGUNGEN<\/h2>\n<p>Wir k\u00f6nnen diese Allgemeinen Gesch\u00e4ftsbedingungen jederzeit \u00e4ndern. Solche \u00c4nderungen treten sofort in Kraft, wenn wir Sie dar\u00fcber informieren, indem wir die neuen Bedingungen auf dieser Website ver\u00f6ffentlichen. Jede Nutzung der Website oder des Dienstes durch Sie nach der Benachrichtigung bedeutet, dass Sie diese \u00c4nderungen akzeptieren. Wir behalten uns das Recht vor, jeden Teil unserer Website und unseres Dienstes, einschlie\u00dflich dieser Allgemeinen Gesch\u00e4ftsbedingungen, jederzeit zu aktualisieren. Wir werden die neuesten Versionen auf der Website ver\u00f6ffentlichen und das Datum des Inkrafttretens auf den Seiten unserer Allgemeinen Gesch\u00e4ftsbedingungen angeben.<\/p>\n<h2>Haftungsbeschr\u00e4nkung<\/h2>\n<p>SIE ERKL\u00c4REN SICH DAMIT EINVERSTANDEN, DASS WIR UNTER KEINEN UMST\u00c4NDEN F\u00dcR DIREKTE, INDIREKTE, ZUF\u00c4LLIGE, FOLGE- ODER BESONDERE SCH\u00c4DEN, STRAFSCHADENSERSATZ, EXEMPLARISCHE SCH\u00c4DEN ODER ANDERE SCH\u00c4DEN HAFTEN, DIE SICH AUS DER NUTZUNG DER WEBSITE ODER DES SERVICE ERGEBEN. ZUS\u00c4TZLICH IST USER GROWTH LTD. NICHT F\u00dcR SCH\u00c4DEN IN VERBINDUNG MIT (I) EINEM AUSFALL DER LEISTUNG, FEHLER, AUSLASSUNG, DENIAL OF SERVICE, ANGRIFF, UNTERBRECHUNG, L\u00d6SCHUNG, DEFEKT, VERZ\u00d6GERUNG IM BETRIEB ODER DER \u00dcBERTRAGUNG, COMPUTERVIRUS, ODER LEITUNGS-ODER SYSTEMAUSFALL; (II) VERLUST VON EINNAHMEN, ERWARTETE GEWINNE, GESCH\u00c4FTE, EINSPARUNGEN, GOODWILL ODER DATEN; UND (III) DIE ENTWENDUNG, ZERST\u00d6RUNG, DER UNBEFUGTE ZUGRIFF AUF IHRE INFORMATIONEN ODER IHR EIGENTUM DURCH DRITTE, UNABH\u00c4NGIG DAVON, OB WIR FAHRL\u00c4SSIG ODER GROB FAHRL\u00c4SSIG GEHANDELT ODER EINEN WESENTLICHEN ZWECK VERFEHLT HABEN UND UNABH\u00c4NGIG DAVON, OB EINE SOLCHE HAFTUNG DURCH FAHRL\u00c4SSIGKEIT, VERTRAG, UNERLAUBTE HANDLUNG ODER EINE ANDERE THEORIE DER GESETZLICHEN HAFTUNG ENTSTEHT. DAS VORSTEHENDE GILT AUCH DANN, WENN USER GROWTH LTD. \u00dcBER DIE M\u00d6GLICHKEIT VON SCH\u00c4DEN INFORMIERT WURDE ODER DIESE H\u00c4TTE VORHERSEHEN K\u00d6NNEN. IN JENEN STAATEN, DIE DEN AUSSCHLUSS ODER DIE BESCHR\u00c4NKUNG DER HAFTUNG F\u00dcR SCH\u00c4DEN NICHT ZULASSEN, IST UNSERE HAFTUNG AUF DEN GR\u00d6SSTM\u00d6GLICHEN GESETZLICH ZUL\u00c4SSIGEN UMFANG BESCHR\u00c4NKT. IN KEINEM FALL \u00dcBERSTEIGT DIE KUMULATIVE HAFTUNG VON USER GROWTH LTD IHNEN GEGEN\u00dcBER DEN GESAMTEN KAUFPREIS DER DIENSTLEISTUNG, DIE SIE VON USER GROWTH LTD ERWORBEN HABEN, UND WENN SIE KEINEN KAUF GET\u00c4TIGT HABEN, \u00dcBERSTEIGT DIE KUMULATIVE HAFTUNG VON USER GROWTH LTD IHNEN GEGEN\u00dcBER NICHT DEN BETRAG VON $100.<\/p>\n<h2>RESSOURCEN DRITTER<\/h2>\n<p>Die Website und der Service enthalten Links zu Websites und Ressourcen von Dritten. Sie erkennen an und erkl\u00e4ren sich damit einverstanden, dass wir nicht f\u00fcr die Verf\u00fcgbarkeit, die Genauigkeit, den Inhalt oder die Richtlinien von Websites oder Ressourcen Dritter verantwortlich oder haftbar sind. Links zu solchen Websites oder Ressourcen bedeuten keine Bef\u00fcrwortung durch oder Zugeh\u00f6rigkeit zu User Growth Ltd. Sie erkennen die alleinige Verantwortung f\u00fcr die Nutzung solcher Websites oder Ressourcen an und \u00fcbernehmen das gesamte Risiko, das sich aus der Nutzung solcher Websites oder Ressourcen ergibt.<\/p>\n<h2>Entsch\u00e4digungserkl\u00e4rung<\/h2>\n<p>Sie stellen uns von allen Verlusten, Sch\u00e4den, Vergleichen, Verbindlichkeiten, Kosten, Geb\u00fchren, Veranlagungen und Ausgaben sowie Anspr\u00fcchen und Klagegr\u00fcnden Dritter frei, einschlie\u00dflich, aber nicht beschr\u00e4nkt auf, Anwaltskosten, die sich aus einem Versto\u00df gegen diese Gesch\u00e4ftsbedingungen oder einer Nutzung der Website oder der Dienstleistung durch Sie ergeben. Sie sind verpflichtet, uns kostenlos die Unterst\u00fctzung zu gew\u00e4hren, die wir im Zusammenhang mit einer solchen Verteidigung verlangen, einschlie\u00dflich, aber nicht beschr\u00e4nkt auf die Bereitstellung von Informationen, Dokumenten, Unterlagen und angemessenem Zugang zu Ihnen, die wir f\u00fcr notwendig erachten. Ohne unsere vorherige schriftliche Zustimmung d\u00fcrfen Sie sich nicht mit Anspr\u00fcchen Dritter vergleichen oder auf eine Verteidigung verzichten.<\/p>\n<h2>WIRKUNG DER \u00dcBERZEICHNUNGEN<\/h2>\n<p>Die \u00dcberschriften der Abs\u00e4tze und Unterabs\u00e4tze dieser Vereinbarung dienen nur der \u00dcbersichtlichkeit und haben keinen Einfluss auf den Aufbau oder die Auslegung der einzelnen Bestimmungen dieser Vereinbarung.<\/p>\n<h2>GESAMTE VEREINBARUNG; VERZICHT<\/h2>\n<p>Diese Vereinbarung stellt die gesamte Vereinbarung zwischen Ihnen und User Growth Ltd. in Bezug auf die Website und den Service dar und ersetzt alle vorherigen und gleichzeitigen Vereinbarungen, Zusicherungen und Absprachen zwischen uns. Kein Verzicht auf eine der Bestimmungen dieser Vereinbarung durch User Growth Ltd. gilt als Verzicht auf eine andere Bestimmung, ob \u00e4hnlich oder nicht, noch stellt ein Verzicht einen fortlaufenden Verzicht dar. Kein Verzicht ist bindend, es sei denn, er wurde schriftlich von User Growth Ltd.<\/p>\n<h2>Benachrichtigungen<\/h2>\n<p>Alle Mitteilungen, Anfragen, Forderungen und andere Mitteilungen im Rahmen dieser Vereinbarung m\u00fcssen schriftlich erfolgen und ordnungsgem\u00e4\u00df wie folgt adressiert sein:<\/p>\n<p>User Growth Ltd.<\/p>\n<p>The Black Church<br \/>\nSt Mary\u2019s Place<br \/>\nDublin, D07 P4AX<br \/>\nIreland<\/p>\n<h2>GRUNDLEGENDES RECHT; GERICHTSSTAND; VERMITTLUNG<\/h2>\n<p>Diese Vereinbarung wird in \u00dcbereinstimmung mit den Gesetzen Irlands ausgelegt und unterliegt den Gesetzen Irlands, die auf Vertr\u00e4ge angewendet werden, die vollst\u00e4ndig in Irland ausgef\u00fchrt und erf\u00fcllt werden. Ausschlie\u00dflicher Gerichtsstand f\u00fcr alle Schieds- oder Gerichtsverfahren, die auf dieser Vereinbarung beruhen oder sich aus ihr ergeben, ist Dublin, Irland. Die Parteien vereinbaren, zu versuchen, alle Streitigkeiten, Anspr\u00fcche oder Kontroversen, die sich aus dieser Vereinbarung ergeben oder mit ihr in Zusammenhang stehen, durch eine Mediation zu l\u00f6sen, die nach dem jeweils aktuellen Mediationsverfahren des CPR Institute for Conflict Prevention &amp; Resolution oder einem anderen Verfahren, auf das sich die Parteien einigen k\u00f6nnen, durchgef\u00fchrt wird. Die Parteien vereinbaren ferner, dass ihre gutgl\u00e4ubige Teilnahme an der Schlichtung eine Voraussetzung f\u00fcr die Inanspruchnahme anderer verf\u00fcgbarer Rechts- oder Billigkeitsmittel ist, einschlie\u00dflich Rechtsstreitigkeiten, Schiedsverfahren oder anderer Streitbeilegungsverfahren.<\/p>\n<h2>R\u00dcCKERSTATTUNG VON RECHTSSTREITKOMPONENTEN<\/h2>\n<p>Wird eine Klage oder ein Schiedsgerichts- oder sonstiges Verfahren zur Durchsetzung dieser Vereinbarung oder wegen einer angeblichen Streitigkeit, Verletzung, Nichterf\u00fcllung oder Falschdarstellung im Zusammenhang mit einer der Bestimmungen dieser Vereinbarung angestrengt, hat die erfolgreiche oder obsiegende Partei bzw. haben die erfolgreichen oder obsiegenden Parteien Anspruch auf Erstattung angemessener Anwaltshonorare und sonstiger Kosten, die in dieser Klage oder diesem Verfahren angefallen sind, zus\u00e4tzlich zu allen anderen Anspr\u00fcchen, die ihr bzw. ihnen m\u00f6glicherweise zustehen.<\/p>\n<h2>Widerruflichkeit<\/h2>\n<p>Sollte eine Bedingung dieser Vereinbarung von einem Schiedsrichter oder einem zust\u00e4ndigen Gericht f\u00fcr ung\u00fcltig, nichtig oder nicht durchsetzbar befunden werden, so bleibt der Rest der Vereinbarung in vollem Umfang in Kraft und wird in keiner Weise beeintr\u00e4chtigt, beeintr\u00e4chtigt oder f\u00fcr ung\u00fcltig erkl\u00e4rt.<\/p>\n<h2>Abtretung<\/h2>\n<p>Diese Bedingungen sind f\u00fcr die Rechtsnachfolger und Abtretungsempf\u00e4nger der Parteien bindend und kommen ihnen zugute. Diese Bedingungen sind nicht abtretbar, delegierbar, unterlizenzierbar oder anderweitig \u00fcbertragbar. Jede \u00dcbertragung, Abtretung, Delegation oder Unterlizenzierung durch Sie ist ung\u00fcltig.<\/p>\n<p><strong>Aktualisiert<\/strong>: Januari 2022<\/p>\n","protected":false},"excerpt":{"rendered":"<p>DURCH DEN BESUCH VON evergreencontentposter.io SIND SIE MIT UNSEREN GESCH\u00c4FTSBEDINGUNGEN EINVERSTANDEN. \u00dcBERBLICK Die Begriffe &#8222;wir&#8220;, &#8222;uns&#8220; und &#8222;unser&#8220; beziehen sich auf User Growth Ltd. Der Begriff &#8222;Website&#8220; bezieht sich auf evergreencontentposter.io. Die Begriffe &#8222;Nutzer&#8220;, &#8222;Sie&#8220; und &#8222;Ihr&#8220; beziehen sich auf Website-Besucher, Kunden und alle anderen Nutzer der Website. Die Evergreen Content Poster Website (evergreencontentposter.io) ist [&hellip;]<\/p>\n","protected":false},"author":1,"featured_media":0,"parent":0,"menu_order":0,"comment_status":"closed","ping_status":"closed","template":"","meta":{"_acf_changed":false,"inline_featured_image":false,"_genesis_hide_title":false,"_genesis_hide_breadcrumbs":false,"_genesis_hide_singular_image":false,"_genesis_hide_footer_widgets":false,"_genesis_custom_body_class":"","_genesis_custom_post_class":"","_genesis_layout":"","footnotes":""},"class_list":{"0":"post-719","1":"page","2":"type-page","3":"status-publish","5":"entry"},"acf":[],"_links":{"self":[{"href":"https:\/\/www.evergreencontentposter.com\/de\/wp-json\/wp\/v2\/pages\/719","targetHints":{"allow":["GET"]}}],"collection":[{"href":"https:\/\/www.evergreencontentposter.com\/de\/wp-json\/wp\/v2\/pages"}],"about":[{"href":"https:\/\/www.evergreencontentposter.com\/de\/wp-json\/wp\/v2\/types\/page"}],"author":[{"embeddable":true,"href":"https:\/\/www.evergreencontentposter.com\/de\/wp-json\/wp\/v2\/users\/1"}],"replies":[{"embeddable":true,"href":"https:\/\/www.evergreencontentposter.com\/de\/wp-json\/wp\/v2\/comments?post=719"}],"version-history":[{"count":0,"href":"https:\/\/www.evergreencontentposter.com\/de\/wp-json\/wp\/v2\/pages\/719\/revisions"}],"wp:attachment":[{"href":"https:\/\/www.evergreencontentposter.com\/de\/wp-json\/wp\/v2\/media?parent=719"}],"curies":[{"name":"wp","href":"https:\/\/api.w.org\/{rel}","templated":true}]}}