{"id":724,"date":"2022-03-22T11:56:13","date_gmt":"2022-03-22T11:56:13","guid":{"rendered":"https:\/\/www.evergreencontentposter.io\/datenschutzerklaerung\/"},"modified":"2022-03-23T14:02:30","modified_gmt":"2022-03-23T14:02:30","slug":"datenschutzerklaerung","status":"publish","type":"page","link":"https:\/\/www.evergreencontentposter.com\/de\/datenschutzerklaerung\/","title":{"rendered":"Datenschutzerkl\u00e4rung"},"content":{"rendered":"<p>DURCH DEN BESUCH VON evergreencontentposter.io ERKL\u00c4REN SIE SICH MIT UNSERER DATENSCHUTZERKL\u00c4RUNG EINVERSTANDEN.<\/p>\n<h2>\u00dcBERSICHT<\/h2>\n<p>User Growth Ltd. verpflichtet sich, Ihre Privatsph\u00e4re online zu sch\u00fctzen. Diese Datenschutzrichtlinie beschreibt die pers\u00f6nlichen Informationen, die wir \u00fcber diese Website evergreencontentposter.io (die &#8222;Website&#8220;) sammeln, und wie wir diese Informationen sammeln und verwenden.<\/p>\n<p>Die Begriffe &#8222;wir&#8220;, &#8222;uns&#8220; und &#8222;unser&#8220; beziehen sich auf User Growth Ltd. Die Begriffe &#8222;Nutzer&#8220;, &#8222;Sie&#8220; und &#8222;Ihr&#8220; beziehen sich auf Website-Besucher, Kunden und alle anderen Nutzer der Website.<\/p>\n<p>Der Begriff &#8222;pers\u00f6nliche Daten&#8220; ist definiert als Informationen, die Sie uns freiwillig zur Verf\u00fcgung stellen und die Sie pers\u00f6nlich identifizieren und\/oder Ihre Kontaktinformationen, wie z. B. Ihren Namen, Ihre Telefonnummer und Ihre E-Mail-Adresse.<\/p>\n<p>Die Website von Evergreen Content Poster Plugins (evergreencontentposter.io) ist ein Blog, eine digitale Brosch\u00fcre, ein Mitgliederbereich und der Ort, an dem die Produkte verkauft werden.<\/p>\n<p>Die Nutzung von User Growth Ltd. einschlie\u00dflich aller hier pr\u00e4sentierten Materialien und aller von User Growth Ltd. angebotenen Online-Dienste unterliegt den folgenden Datenschutzbestimmungen. Diese Datenschutzrichtlinien gelten f\u00fcr alle Besucher der Website, Kunden und alle anderen Benutzer der Website. Durch die Nutzung der Website oder der Dienstleistung erkl\u00e4ren Sie sich mit dieser Datenschutzrichtlinie ohne \u00c4nderungen einverstanden und best\u00e4tigen, dass Sie sie gelesen haben.<\/p>\n<h2>INFORMATIONEN, DIE WIR SAMMELN<\/h2>\n<p>Auf dieser Website werden nur die personenbezogenen Daten erfasst, die Sie uns freiwillig zur Verf\u00fcgung stellen, wozu auch geh\u00f6ren k\u00f6nnen:<\/p>\n<ul>\n<li>Ihr Name<\/li>\n<li>Ihre E-Mail Adresse<\/li>\n<\/ul>\n<p>Die von Ihnen zur Verf\u00fcgung gestellten Informationen werden zur Abwicklung von Transaktionen, zum Versand regelm\u00e4\u00dfiger E-Mails und zur Verbesserung unseres Serviceangebots verwendet. Wir geben Ihre Daten an vertrauensw\u00fcrdige Dritte weiter, die uns beim Betrieb unserer Website, der Abwicklung unserer Gesch\u00e4fte und der Betreuung von Kunden und Besuchern unterst\u00fctzen. Diese vertrauensw\u00fcrdigen Drittparteien verpflichten sich, diese Informationen vertraulich zu behandeln. Ihre pers\u00f6nlichen Daten werden niemals an Dritte weitergegeben.<\/p>\n<h2>AKTIVIT\u00c4T<\/h2>\n<p>Wir k\u00f6nnen Informationen in Bezug auf Ihre Nutzung der Website aufzeichnen, wie z. B. die von Ihnen durchgef\u00fchrten Suchvorg\u00e4nge, die von Ihnen angezeigten Seiten, Ihren Browsertyp, Ihre IP-Adresse, die angeforderte URL, die verweisende URL und Zeitstempelinformationen. Wir verwenden diese Art von Informationen, um die Website zu verwalten und Ihnen den bestm\u00f6glichen Service zu bieten. Wir verwenden diese Informationen auch, um statistische Analysen des Benutzerverhaltens und der Benutzermerkmale durchzuf\u00fchren, um das Interesse an und die Nutzung der verschiedenen Bereiche der Website zu messen.<\/p>\n<h2>COOKIES<\/h2>\n<p>Wir k\u00f6nnen Cookies an Ihren Computer senden, um Ihren Browser eindeutig zu identifizieren und die Qualit\u00e4t unserer Dienste zu verbessern. Der Begriff &#8222;Cookies&#8220; bezieht sich auf kleine Informationseinheiten, die eine Website an die Festplatte Ihres Computers sendet, w\u00e4hrend Sie die Website besuchen. Wir k\u00f6nnen sowohl Sitzungscookies (die ablaufen, sobald Sie Ihren Browser schlie\u00dfen) als auch dauerhafte Cookies (die auf Ihrem Computer verbleiben, bis Sie sie l\u00f6schen) verwenden. Sie haben die M\u00f6glichkeit, Cookies \u00fcber die Einstellungen Ihres Webbrowsers anzunehmen oder abzulehnen. Wenn Sie sich entscheiden, Cookies zu deaktivieren, funktionieren einige Bereiche der Website m\u00f6glicherweise nicht richtig oder gar nicht. Die Website reagiert nicht auf &#8222;Do Not Track&#8220;-Signale, die von Ihrem Browser gesendet werden.<\/p>\n<h2>LINKS VON DRITTEN<\/h2>\n<p>Die Website kann Links zu Websites Dritter enthalten. Sofern in dieser Datenschutzrichtlinie nicht anders angegeben, befasst sich dieses Dokument nur mit der Verwendung und Offenlegung von Informationen, die wir von Ihnen auf unserer Website sammeln. Andere Websites, die \u00fcber unsere Website \u00fcber Links oder auf andere Weise zug\u00e4nglich sind, haben ihre eigenen Datenschutzrichtlinien. Wir sind nicht verantwortlich f\u00fcr die Datenschutzrichtlinien oder -praktiken von Dritten.<\/p>\n<h2>SICHERHEIT<\/h2>\n<p>Wir ergreifen Sicherheitsma\u00dfnahmen, um Ihre pers\u00f6nlichen Daten vor unbefugtem Zugriff, Missbrauch oder Offenlegung zu sch\u00fctzen. Allerdings kann kein Datenaustausch \u00fcber das Internet als 100% sicher garantiert werden. Obwohl wir alle Anstrengungen unternehmen, um Ihre pers\u00f6nlichen Daten, die Sie uns \u00fcber unsere Website mitteilen, zu sch\u00fctzen, erkennen Sie an, dass Dritte auf die pers\u00f6nlichen Daten, die Sie uns freiwillig \u00fcber diese Website mitteilen, zugreifen oder sie manipulieren k\u00f6nnen. Sie erkl\u00e4ren sich damit einverstanden, dass wir nicht f\u00fcr abgefangene Informationen verantwortlich sind, die ohne unser Wissen oder unsere Zustimmung \u00fcber unsere Website weitergegeben werden. Dar\u00fcber hinaus stellen Sie uns von allen Anspr\u00fcchen frei, die sich aus der unbefugten Nutzung solcher abgefangenen Informationen ergeben oder damit in Zusammenhang stehen.<\/p>\n<h2>KINDER<\/h2>\n<p>Um auf die Website zuzugreifen oder sie zu nutzen, m\u00fcssen Sie mindestens 18 Jahre alt sein und \u00fcber die erforderliche Befugnis und Autorit\u00e4t verf\u00fcgen, um dieser Datenschutzrichtlinie zuzustimmen. Kindern unter 18 Jahren ist die Nutzung der Website untersagt<\/p>\n<h2>IHRE INFORMATIONEN AKTUALISIEREN<\/h2>\n<p>Wir respektieren Ihre Datenschutzrechte und gew\u00e4hren Ihnen einen angemessenen Zugang zu Ihren personenbezogenen Daten. Sie k\u00f6nnen auf Ihre personenbezogenen Daten zugreifen, sie korrigieren, l\u00f6schen und der Verwendung widersprechen. Sie k\u00f6nnen auch verlangen, dass wir die Verwendung oder \u00dcbermittlung Ihrer Daten einschr\u00e4nken, und Sie k\u00f6nnen eine zuvor erteilte Zustimmung zur Verwendung oder \u00dcbermittlung Ihrer Daten widerrufen.<\/p>\n<p>Sie k\u00f6nnen auf Ihre pers\u00f6nlichen Daten zugreifen, sie korrigieren oder ihre L\u00f6schung beantragen, indem Sie sich in Ihr Mitgliedskonto einloggen oder uns per E-Mail an info@evergreencontentposter.io kontaktieren.<\/p>\n<h2>\u00c4NDERUNGEN AN DIESER DATENSCHUTZERKL\u00c4RUNG<\/h2>\n<p>Sie erkennen an und erkl\u00e4ren sich damit einverstanden, dass es in Ihrer Verantwortung liegt, diese Website und diese Richtlinie regelm\u00e4\u00dfig zu \u00fcberpr\u00fcfen und sich \u00fcber etwaige \u00c4nderungen zu informieren. Wir werden Sie \u00fcber alle \u00c4nderungen an dieser Datenschutzrichtlinie informieren, indem wir diese \u00c4nderungen auf dieser Seite ver\u00f6ffentlichen.<\/p>\n<h2>KONTAKT<\/h2>\n<p>Wenn Sie Fragen zu unserer Datenschutzrichtlinie haben, senden Sie uns bitte eine E-Mail an info@evergreencontentposter.io.<\/p>\n<p><strong>Aktualisiert<\/strong>: Februar 2022<\/p>\n","protected":false},"excerpt":{"rendered":"<p>DURCH DEN BESUCH VON evergreencontentposter.io ERKL\u00c4REN SIE SICH MIT UNSERER DATENSCHUTZERKL\u00c4RUNG EINVERSTANDEN. \u00dcBERSICHT User Growth Ltd. verpflichtet sich, Ihre Privatsph\u00e4re online zu sch\u00fctzen. Diese Datenschutzrichtlinie beschreibt die pers\u00f6nlichen Informationen, die wir \u00fcber diese Website evergreencontentposter.io (die &#8222;Website&#8220;) sammeln, und wie wir diese Informationen sammeln und verwenden. Die Begriffe &#8222;wir&#8220;, &#8222;uns&#8220; und &#8222;unser&#8220; beziehen sich auf [&hellip;]<\/p>\n","protected":false},"author":1,"featured_media":0,"parent":0,"menu_order":0,"comment_status":"closed","ping_status":"open","template":"","meta":{"_acf_changed":false,"inline_featured_image":false,"_genesis_hide_title":false,"_genesis_hide_breadcrumbs":false,"_genesis_hide_singular_image":false,"_genesis_hide_footer_widgets":false,"_genesis_custom_body_class":"","_genesis_custom_post_class":"","_genesis_layout":"centered-content","footnotes":""},"class_list":{"0":"post-724","1":"page","2":"type-page","3":"status-publish","5":"entry"},"acf":[],"_links":{"self":[{"href":"https:\/\/www.evergreencontentposter.com\/de\/wp-json\/wp\/v2\/pages\/724","targetHints":{"allow":["GET"]}}],"collection":[{"href":"https:\/\/www.evergreencontentposter.com\/de\/wp-json\/wp\/v2\/pages"}],"about":[{"href":"https:\/\/www.evergreencontentposter.com\/de\/wp-json\/wp\/v2\/types\/page"}],"author":[{"embeddable":true,"href":"https:\/\/www.evergreencontentposter.com\/de\/wp-json\/wp\/v2\/users\/1"}],"replies":[{"embeddable":true,"href":"https:\/\/www.evergreencontentposter.com\/de\/wp-json\/wp\/v2\/comments?post=724"}],"version-history":[{"count":0,"href":"https:\/\/www.evergreencontentposter.com\/de\/wp-json\/wp\/v2\/pages\/724\/revisions"}],"wp:attachment":[{"href":"https:\/\/www.evergreencontentposter.com\/de\/wp-json\/wp\/v2\/media?parent=724"}],"curies":[{"name":"wp","href":"https:\/\/api.w.org\/{rel}","templated":true}]}}