{"id":312,"date":"2022-01-31T12:38:17","date_gmt":"2022-01-31T12:38:17","guid":{"rendered":"https:\/\/www.evergreencontentposter.io\/a-propos-de-nous\/"},"modified":"2022-05-12T10:46:57","modified_gmt":"2022-05-12T08:46:57","slug":"a-propos-de-nous","status":"publish","type":"page","link":"https:\/\/www.evergreencontentposter.com\/fr\/a-propos-de-nous\/","title":{"rendered":"\u00c0 propos de nous"},"content":{"rendered":"<p>Les plugins Evergreen Content Poster et Selection Sharer ont \u00e9t\u00e9 cr\u00e9\u00e9s par une \u00e9quipe de cr\u00e9ateurs de contenu professionnels, de concepteurs et de d\u00e9veloppeurs qui s&rsquo;int\u00e9ressent \u00e9norm\u00e9ment au marketing de contenu.<\/p>\n<p>Nous avons vu de nos propres yeux comment les entreprises, grandes et petites, commencent \u00e0 faire du marketing de contenu, en appuyant sur ce bouton de publication encore et encore et sans obtenir de r\u00e9sultats. C&rsquo;est pourquoi nous avons d\u00e9cid\u00e9 de commencer \u00e0 cr\u00e9er des plugins qui remettent le marketing dans le marketing de contenu.<\/p>\n<p>Des plugins qui aident \u00e0 augmenter l&rsquo;engagement des utilisateurs et \u00e0 augmenter le nombre de visiteurs du site.<\/p>\n<p>Une id\u00e9e qui \u00e9tait \u00e0 l&rsquo;origine destin\u00e9e \u00e0 gratter nos propres d\u00e9mangeaisons et celles de nos clients est maintenant devenue une vision pour aider les cr\u00e9ateurs de contenu du monde entier.<\/p>\n<p>Nous continuons \u00e0 it\u00e9rer et \u00e0 nous appuyer sur notre id\u00e9e originale et avons encore plus d&rsquo;id\u00e9es en pr\u00e9paration qui aideront les cr\u00e9ateurs de contenu, les petites et les grandes entreprises \u00e0 tirer le meilleur parti du contenu qu&rsquo;ils cr\u00e9ent.<\/p>\n<h2 style=\"text-align: center;\">Nous aimerions avoir de vos nouvelles.<br \/>\nFaisons quelque chose de g\u00e9nial ensemble\u00a0!<\/h2>\n<p style=\"text-align: center;\"><a href=\"https:\/\/www.evergreencontentposter.com\/fr\/contactez-nous\/\" class=\"button orange\">contactez-nous<\/a><\/p>\n","protected":false},"excerpt":{"rendered":"<p>Les plugins Evergreen Content Poster et Selection Sharer ont \u00e9t\u00e9 cr\u00e9\u00e9s par une \u00e9quipe de cr\u00e9ateurs de contenu professionnels, de concepteurs et de d\u00e9veloppeurs qui s&rsquo;int\u00e9ressent \u00e9norm\u00e9ment au marketing de contenu. Nous avons vu de nos propres yeux comment les entreprises, grandes et petites, commencent \u00e0 faire du marketing de contenu, en appuyant sur ce [&hellip;]<\/p>\n","protected":false},"author":1,"featured_media":0,"parent":0,"menu_order":0,"comment_status":"closed","ping_status":"closed","template":"","meta":{"_acf_changed":false,"inline_featured_image":false,"_genesis_hide_title":false,"_genesis_hide_breadcrumbs":false,"_genesis_hide_singular_image":false,"_genesis_hide_footer_widgets":false,"_genesis_custom_body_class":"","_genesis_custom_post_class":"","_genesis_layout":"centered-content","footnotes":""},"class_list":{"0":"post-312","1":"page","2":"type-page","3":"status-publish","5":"entry"},"acf":[],"_links":{"self":[{"href":"https:\/\/www.evergreencontentposter.com\/fr\/wp-json\/wp\/v2\/pages\/312","targetHints":{"allow":["GET"]}}],"collection":[{"href":"https:\/\/www.evergreencontentposter.com\/fr\/wp-json\/wp\/v2\/pages"}],"about":[{"href":"https:\/\/www.evergreencontentposter.com\/fr\/wp-json\/wp\/v2\/types\/page"}],"author":[{"embeddable":true,"href":"https:\/\/www.evergreencontentposter.com\/fr\/wp-json\/wp\/v2\/users\/1"}],"replies":[{"embeddable":true,"href":"https:\/\/www.evergreencontentposter.com\/fr\/wp-json\/wp\/v2\/comments?post=312"}],"version-history":[{"count":0,"href":"https:\/\/www.evergreencontentposter.com\/fr\/wp-json\/wp\/v2\/pages\/312\/revisions"}],"wp:attachment":[{"href":"https:\/\/www.evergreencontentposter.com\/fr\/wp-json\/wp\/v2\/media?parent=312"}],"curies":[{"name":"wp","href":"https:\/\/api.w.org\/{rel}","templated":true}]}}