{"id":718,"date":"2022-03-22T11:13:20","date_gmt":"2022-03-22T11:13:20","guid":{"rendered":"https:\/\/www.evergreencontentposter.io\/termes-et-conditions\/"},"modified":"2022-03-23T13:44:09","modified_gmt":"2022-03-23T13:44:09","slug":"termes","status":"publish","type":"page","link":"https:\/\/www.evergreencontentposter.com\/fr\/termes\/","title":{"rendered":"Termes et conditions"},"content":{"rendered":"<p>EN VISITANT evergreencontentposter.io, VOUS CONSENTEZ \u00c0 NOS CONDITIONS D&rsquo;UTILISATION.<\/p>\n<h2>VUE D&rsquo;ENSEMBLE<\/h2>\n<p>Les termes \u00a0\u00bb nous \u00ab\u00a0, \u00a0\u00bb notre \u00a0\u00bb et \u00a0\u00bb nos \u00a0\u00bb font r\u00e9f\u00e9rence \u00e0 User Growth Ltd. Le terme \u00a0\u00bb Site \u00a0\u00bb fait r\u00e9f\u00e9rence \u00e0 evergreencontentposter.io. Les termes \u00a0\u00bb utilisateur \u00ab\u00a0, \u00a0\u00bb vous \u00a0\u00bb et \u00a0\u00bb votre \u00a0\u00bb font r\u00e9f\u00e9rence aux visiteurs du site, aux clients et \u00e0 tout autre utilisateur du site.<\/p>\n<p>Le site Web Evergreen Content Poster (evergreencontentposter.io) est un blog, une brochure num\u00e9rique, un espace r\u00e9serv\u00e9 aux membres et un lieu de vente de produits.<\/p>\n<p>L&rsquo;utilisation du site evergreencontentposter.io, y compris tout le mat\u00e9riel pr\u00e9sent\u00e9 ici et tous les services en ligne fournis par User Growth Ltd, est soumise aux conditions g\u00e9n\u00e9rales suivantes. Ces termes et conditions s&rsquo;appliquent \u00e0 tous les visiteurs du site, aux clients et \u00e0 tous les autres utilisateurs du site. En utilisant le site ou le service, vous acceptez les pr\u00e9sentes conditions g\u00e9n\u00e9rales, sans modification, et reconnaissez les avoir lues.<\/p>\n<h2>Utilisation du site et du service<\/h2>\n<p>Pour acc\u00e9der au site ou l&rsquo;utiliser, vous devez \u00eatre \u00e2g\u00e9 de 18 ans ou plus et avoir le pouvoir et l&rsquo;autorit\u00e9 n\u00e9cessaires pour conclure les pr\u00e9sentes conditions g\u00e9n\u00e9rales. Il est interdit aux enfants de moins de 18 ans d&rsquo;utiliser le site. Les informations fournies sur le Site et dans le Service concernant les extensions WordPress Premium et d&rsquo;autres informations sont sujettes \u00e0 modification. User Growth Ltd. ne fait aucune d\u00e9claration et ne donne aucune garantie que les informations fournies, quelle que soit leur source (le \u00a0\u00bb Contenu \u00ab\u00a0), sont exactes, compl\u00e8tes, fiables, actuelles ou sans erreur. User Growth LTd. d\u00e9cline toute responsabilit\u00e9 en cas d&rsquo;inexactitude, d&rsquo;erreur ou d&rsquo;incompl\u00e9tude du Contenu.<\/p>\n<h2>CREATION DE COMPTE<\/h2>\n<p>Afin d&rsquo;utiliser le Service, il peut vous \u00eatre demand\u00e9 de fournir des informations vous concernant, notamment votre nom, votre adresse \u00e9lectronique, votre nom d&rsquo;utilisateur et votre mot de passe, ainsi que d&rsquo;autres informations personnelles. Vous acceptez que toute information d&rsquo;enregistrement que vous donnez \u00e0 User Growth Ltd soit toujours exacte, correcte et \u00e0 jour. Vous ne devez pas vous faire passer pour quelqu&rsquo;un d&rsquo;autre ou fournir des informations sur votre compte ou une adresse \u00e9lectronique autre que la v\u00f4tre. Votre compte ne doit pas \u00eatre utilis\u00e9 \u00e0 des fins ill\u00e9gales ou non autoris\u00e9es. Vous ne devez pas, dans le cadre de l&rsquo;utilisation du service, violer les lois en vigueur dans votre juridiction.<\/p>\n<h2>OBJECTIFS ILLICITES<\/h2>\n<p>Vous ne pouvez utiliser le site et le service qu&rsquo;\u00e0 des fins licites. Vous acceptez d&rsquo;\u00eatre financi\u00e8rement responsable de tous les achats effectu\u00e9s par vous ou par une personne agissant en votre nom par le biais du Site. Vous acceptez d&rsquo;utiliser le site et d&rsquo;acheter des services ou des produits par l&rsquo;interm\u00e9diaire du site \u00e0 des fins l\u00e9gitimes et non commerciales uniquement. Vous ne devez pas afficher ou transmettre par le biais du Site tout mat\u00e9riel qui viole ou enfreint les droits d&rsquo;autrui, ou qui est mena\u00e7ant, abusif, diffamatoire, calomnieux, portant atteinte \u00e0 la vie priv\u00e9e ou aux droits de publicit\u00e9, vulgaire, obsc\u00e8ne, profane ou autrement r\u00e9pr\u00e9hensible, contenant des formules, des recettes ou des instructions pr\u00e9judiciables, qui encourage une conduite qui constituerait une infraction criminelle, donnerait lieu \u00e0 une responsabilit\u00e9 civile ou violerait autrement toute loi.<\/p>\n<h2>REFUS DU SERVICE<\/h2>\n<p>Les services sont offerts sous r\u00e9serve de notre acceptation de votre commande ou de vos demandes. Nous nous r\u00e9servons le droit de refuser le service \u00e0 toute commande, personne ou entit\u00e9, sans l&rsquo;obligation d&rsquo;en attribuer la raison. Aucune commande n&rsquo;est consid\u00e9r\u00e9e comme accept\u00e9e par nous tant que le paiement n&rsquo;a pas \u00e9t\u00e9 trait\u00e9. Nous pouvons \u00e0 tout moment modifier ou interrompre tout aspect ou caract\u00e9ristique du site ou du service, sous r\u00e9serve que nous remplissions nos responsabilit\u00e9s ant\u00e9rieures envers vous sur la base de l&rsquo;acceptation de votre paiement.<\/p>\n<h2>CONFIRMATION DE LA COMMANDE<\/h2>\n<p>Nous vous enverrons un courriel pour confirmer le placement de votre commande et avec les d\u00e9tails concernant la livraison du produit. In the event that there is an error in this email confirmation, it is your responsibility to inform us as soon as possible.<\/p>\n<h2>ANNULATIONS, REMBOURSEMENTS et RETOURS<\/h2>\n<p>Si vous avez des probl\u00e8mes pour faire fonctionner une extension, nous serons heureux de vous rembourser int\u00e9gralement dans les 45 jours suivant l&rsquo;achat initial, sans poser de questions. Absolument aucun remboursement ne sera effectu\u00e9 apr\u00e8s 45 jours pour les achats initiaux ou apr\u00e8s 15 jours pour les renouvellements. Le traitement des demandes de remboursement peut prendre jusqu&rsquo;\u00e0 15 jours. Les remboursements seront accord\u00e9s \u00e0 la seule discr\u00e9tion de User Growth Ltd.<\/p>\n<p>Nous soutenons notre garantie de satisfaction \u00e0 100 % et nous serions ravis de pouvoir vous aider \u00e0 r\u00e9soudre les probl\u00e8mes que vous pourriez rencontrer avant de d\u00e9cider d&rsquo;un \u00e9ventuel remboursement. Tout ce que vous avez \u00e0 faire est de nous contacter via notre <a href=\"https:\/\/www.evergreencontentposter.com\/fr\/contactez-nous\/\">formulaire de contact<\/a> et nous ferons tout ce que nous pouvons pour vous aider avec les probl\u00e8mes que vous pouvez rencontrer avec nos extensions.<\/p>\n<p>Veuillez noter qu&rsquo;en achetant des extensions de User Growth Ltd., vous acceptez les termes de cette politique de remboursement.<\/p>\n<h2>DESCRIPTION DU PRODUIT<\/h2>\n<p>Nous nous effor\u00e7ons de d\u00e9crire et d&rsquo;afficher le Service aussi pr\u00e9cis\u00e9ment que possible. Bien que nous nous efforcions d&rsquo;\u00eatre aussi clairs que possible dans l&rsquo;explication du service, n&rsquo;acceptez pas que le site soit enti\u00e8rement exact, \u00e0 jour ou sans erreur. De temps \u00e0 autre, nous pouvons corriger des erreurs dans les prix et les descriptions. Nous nous r\u00e9servons le droit de refuser ou d&rsquo;annuler toute commande dont le prix est incorrect.<\/p>\n<h2>LE MAT\u00c9RIEL QUE VOUS SOUMETTEZ AU SITE<\/h2>\n<p>Vous ne devez pas t\u00e9l\u00e9charger, publier ou mettre \u00e0 disposition sur le site des illustrations, des photos ou d&rsquo;autres \u00e9l\u00e9ments (collectivement appel\u00e9s \u00ab\u00a0\u00e9l\u00e9ments\u00a0\u00bb) prot\u00e9g\u00e9s par des droits d&rsquo;auteur, des marques ou d&rsquo;autres droits de propri\u00e9t\u00e9 sans l&rsquo;autorisation \u00e9crite expresse du propri\u00e9taire des droits d&rsquo;auteur, des marques ou d&rsquo;autres droits de propri\u00e9t\u00e9. Vous serez responsable de tout dommage r\u00e9sultant de la violation de droits d&rsquo;auteur, de marques commerciales ou d&rsquo;autres droits de propri\u00e9t\u00e9, ou de tout autre pr\u00e9judice r\u00e9sultant d&rsquo;une telle soumission. Pour tout mat\u00e9riel que vous soumettez au site, vous d\u00e9clarez ou garantissez automatiquement que vous avez l&rsquo;autorit\u00e9 d&rsquo;utiliser et de distribuer le mat\u00e9riel, et que l&rsquo;utilisation ou l&rsquo;affichage du mat\u00e9riel ne violera aucune loi, r\u00e8gle, r\u00e9glementation ou droit de tiers.<\/p>\n<h2>LES DROITS DE PROPRI\u00c9T\u00c9 INTELLECTUELLE SUR VOTRE MAT\u00c9RIEL<\/h2>\n<p>Nous ne revendiquons aucun droit de propri\u00e9t\u00e9 intellectuelle sur le mat\u00e9riel que vous fournissez \u00e0 User Growth Ltd. Vous conservez les droits d&rsquo;auteur et tous les autres droits que vous pouvez l\u00e9gitimement d\u00e9tenir sur le contenu que vous soumettez par le biais du site ou du service. Le contenu que vous soumettez \u00e0 User Growth Ltd. vous appartient dans la mesure o\u00f9 vous avez des droits l\u00e9gaux sur celui-ci. Vous acceptez de d\u00e9gager la responsabilit\u00e9 d&rsquo;User Growth Ltd. de toutes les r\u00e9clamations, responsabilit\u00e9s et d\u00e9penses d\u00e9coulant de toute appropriation illicite ou violation potentielle ou r\u00e9elle de droits d&rsquo;auteur ou de marques d\u00e9pos\u00e9es qui vous serait reproch\u00e9e. En publiant du mat\u00e9riel sur le Site, vous nous accordez une licence mondiale, non exclusive et irr\u00e9vocable d&rsquo;utilisation du mat\u00e9riel \u00e0 des fins de promotion, de d\u00e9veloppement commercial et de marketing.<\/p>\n<h2>NOTRE PROPRI\u00c9T\u00c9 INTELLECTUELLE<\/h2>\n<p>Le Site et le Service contiennent des \u00e9l\u00e9ments de propri\u00e9t\u00e9 intellectuelle appartenant \u00e0 User Growth Ltd, notamment des marques, des droits d&rsquo;auteur, des informations exclusives et d&rsquo;autres \u00e9l\u00e9ments de propri\u00e9t\u00e9 intellectuelle. Vous ne pouvez pas modifier, publier, transmettre, participer au transfert ou \u00e0 la vente, cr\u00e9er des \u0153uvres d\u00e9riv\u00e9es, distribuer, afficher, reproduire ou ex\u00e9cuter, ou exploiter de quelque mani\u00e8re que ce soit, sous quelque format que ce soit, le contenu du Site ou du Service ou la propri\u00e9t\u00e9 intellectuelle, en tout ou en partie, sans notre consentement \u00e9crit pr\u00e9alable. Nous nous r\u00e9servons le droit de vous retirer imm\u00e9diatement du Service, sans remboursement, si vous \u00eates pris en flagrant d\u00e9lit de violation de cette politique de propri\u00e9t\u00e9 intellectuelle.<\/p>\n<h2>MODIFICATION DES CONDITIONS<\/h2>\n<p>Nous pouvons \u00e0 tout moment modifier les pr\u00e9sentes conditions g\u00e9n\u00e9rales. Ces modifications entrent en vigueur d\u00e8s que nous vous en informons en publiant les nouvelles conditions g\u00e9n\u00e9rales sur ce site. Toute utilisation du Site ou du Service de votre part apr\u00e8s notification signifie que vous acceptez ces modifications. Nous nous r\u00e9servons le droit de mettre \u00e0 jour toute partie de notre site et de nos services, y compris les pr\u00e9sentes conditions g\u00e9n\u00e9rales, \u00e0 tout moment. Nous publierons les versions les plus r\u00e9centes sur le Site et indiquerons les dates d&rsquo;entr\u00e9e en vigueur sur les pages de nos Conditions g\u00e9n\u00e9rales.<\/p>\n<h2>LIMITATION DE LA RESPONSABILIT\u00c9<\/h2>\n<p>VOUS ACCEPTEZ QU&rsquo;EN AUCUN CAS NOUS NE SOYONS RESPONSABLES DES DOMMAGES DIRECTS, INDIRECTS, ACCIDENTELS, CONS\u00c9CUTIFS, SP\u00c9CIAUX, PUNITIFS, EXEMPLAIRES OU DE TOUT AUTRE DOMMAGE R\u00c9SULTANT DE VOTRE UTILISATION DU SITE OU DU SERVICE. EN OUTRE, USER GROWTH LTD. N&rsquo;EST PAS RESPONSABLE DES DOMMAGES LI\u00c9S \u00c0 (I) TOUT D\u00c9FAUT DE PERFORMANCE, ERREUR, OMISSION, D\u00c9NI DE SERVICE, ATTAQUE, INTERRUPTION, SUPPRESSION, D\u00c9FAUT, RETARD DE FONCTIONNEMENT OU DE TRANSMISSION, VIRUS INFORMATIQUE, OU PANNE DE LIGNE OU DE SYST\u00c8ME ; (II) PERTE DE REVENUS, DE B\u00c9N\u00c9FICES ANTICIP\u00c9S, D&rsquo;AFFAIRES, D&rsquo;\u00c9CONOMIES, DE CLIENT\u00c8LE OU DE DONN\u00c9ES ; ET (III) LE VOL, LA DESTRUCTION, L&rsquo;ACC\u00c8S NON AUTORIS\u00c9, L&rsquo;ALT\u00c9RATION OU L&rsquo;UTILISATION PAR UN TIERS DE VOS INFORMATIONS OU DE VOS BIENS, IND\u00c9PENDAMMENT DE NOTRE N\u00c9GLIGENCE, DE NOTRE N\u00c9GLIGENCE GRAVE, DE L&rsquo;\u00c9CHEC D&rsquo;UN OBJECTIF ESSENTIEL ET QUE CETTE RESPONSABILIT\u00c9 D\u00c9COULE D&rsquo;UNE N\u00c9GLIGENCE, D&rsquo;UN CONTRAT, D&rsquo;UN D\u00c9LIT OU DE TOUTE AUTRE TH\u00c9ORIE DE RESPONSABILIT\u00c9 L\u00c9GALE. CE QUI PR\u00c9C\u00c8DE S&rsquo;APPLIQUE M\u00caME SI USER GROWTH LTD. A \u00c9T\u00c9 INFORM\u00c9 DE LA POSSIBILIT\u00c9 DES DOMMAGES OU AURAIT PU LES PR\u00c9VOIR. DANS LES \u00c9TATS QUI NE PERMETTENT PAS L&rsquo;EXCLUSION OU LA LIMITATION DE LA RESPONSABILIT\u00c9 POUR LES DOMMAGES, NOTRE RESPONSABILIT\u00c9 EST LIMIT\u00c9E DANS TOUTE LA MESURE PERMISE PAR LA LOI. EN AUCUN CAS, LA RESPONSABILIT\u00c9 CUMUL\u00c9E D&rsquo;USER GROWTH LTD ENVERS VOUS NE D\u00c9PASSERA LE PRIX D&rsquo;ACHAT TOTAL DU SERVICE QUE VOUS AVEZ ACHET\u00c9 AUPR\u00c8S D&rsquo;USER GROWTH LTD ET SI AUCUN ACHAT N&rsquo;A \u00c9T\u00c9 EFFECTU\u00c9 PAR VOUS, LA RESPONSABILIT\u00c9 CUMUL\u00c9E D&rsquo;USER GROWTH LTD ENVERS VOUS NE D\u00c9PASSERA PAS 100 $.<\/p>\n<h2>RESSOURCES TIERS<\/h2>\n<p>Le Site et le Service contiennent des liens vers des sites Web et des ressources de tiers. Vous reconnaissez et acceptez que nous ne sommes pas responsables de la disponibilit\u00e9, de l&rsquo;exactitude, du contenu ou des politiques des sites Web ou ressources de tiers. Les liens vers ces sites ou ressources n&rsquo;impliquent pas une approbation ou une affiliation avec User Growth Ltd. Vous reconnaissez la seule responsabilit\u00e9 et assumez tous les risques d\u00e9coulant de votre utilisation de ces sites Web ou ressources.<\/p>\n<h2>INDEMNISATION<\/h2>\n<p>Vous devez nous indemniser et nous d\u00e9gager de toute responsabilit\u00e9 en cas de pertes, de dommages, de r\u00e8glements, de responsabilit\u00e9s, de co\u00fbts, de charges, d&rsquo;\u00e9valuations et de d\u00e9penses, ainsi que de r\u00e9clamations et de causes d&rsquo;action de tiers, y compris, mais sans s&rsquo;y limiter, les honoraires d&rsquo;avocat, r\u00e9sultant d&rsquo;une violation de votre part de l&rsquo;une des pr\u00e9sentes conditions g\u00e9n\u00e9rales ou de votre utilisation du site ou du service. Vous nous fournirez, sans frais, l&rsquo;assistance que nous pourrons demander dans le cadre d&rsquo;une telle d\u00e9fense, y compris, sans s&rsquo;y limiter, en nous fournissant les informations, les documents, les dossiers et un acc\u00e8s raisonnable \u00e0 votre personne, comme nous le jugerons n\u00e9cessaire. Vous ne devez pas r\u00e9gler la r\u00e9clamation d&rsquo;un tiers ou renoncer \u00e0 toute d\u00e9fense sans notre consentement \u00e9crit pr\u00e9alable.<\/p>\n<h2>EFFET DES TITRES<\/h2>\n<p>Les titres des paragraphes et des sous-paragraphes du pr\u00e9sent accord ne sont inclus que pour des raisons de commodit\u00e9 et ne doivent pas affecter l&rsquo;interpr\u00e9tation de ses dispositions.<\/p>\n<h2>INT\u00c9GRALIT\u00c9 DE L&rsquo;ACCORD ; RENONCIATION<\/h2>\n<p>Le pr\u00e9sent accord constitue l&rsquo;int\u00e9gralit\u00e9 de l&rsquo;accord entre vous et User Growth Ltd. concernant le site et le service et remplace tous les accords, repr\u00e9sentations et ententes ant\u00e9rieurs et contemporains entre nous. Aucune renonciation \u00e0 l&rsquo;une des dispositions du pr\u00e9sent accord par User Growth Ltd. ne sera consid\u00e9r\u00e9e comme, ou ne constituera, une renonciation \u00e0 toute autre disposition, similaire ou non, et aucune renonciation ne constituera une renonciation continue. Aucune renonciation ne sera contraignante \u00e0 moins d&rsquo;\u00eatre sign\u00e9e par \u00e9crit par User Growth Ltd.<\/p>\n<h2>NOTICES<\/h2>\n<p>Tous les avis, demandes, requ\u00eates et autres communications dans le cadre du pr\u00e9sent accord doivent \u00eatre pr\u00e9sent\u00e9s par \u00e9crit et d\u00fbment adress\u00e9s comme suit :<\/p>\n<p>User Growth Ltd.<\/p>\n<p>The Black Church<br \/>\nSt Mary\u2019s Place<br \/>\nDublin, D07 P4AX<br \/>\nIreland<\/p>\n<h2>LOI APPLICABLE ; LIEU ; M\u00c9DIATION<\/h2>\n<p>Le pr\u00e9sent contrat sera interpr\u00e9t\u00e9 conform\u00e9ment aux lois de l&rsquo;Irlande et r\u00e9gi par celles-ci, telles qu&rsquo;elles s&rsquo;appliquent aux contrats ex\u00e9cut\u00e9s et r\u00e9alis\u00e9s enti\u00e8rement en Irlande. Le lieu exclusif de toute proc\u00e9dure d&rsquo;arbitrage ou de toute proc\u00e9dure judiciaire bas\u00e9e sur ou d\u00e9coulant du pr\u00e9sent accord sera Dublin, en Irlande. Les parties conviennent de tenter de r\u00e9soudre tout litige, r\u00e9clamation ou controverse d\u00e9coulant du pr\u00e9sent contrat ou s&rsquo;y rapportant par la m\u00e9diation, qui sera men\u00e9e selon les proc\u00e9dures de m\u00e9diation alors en vigueur de l&rsquo;Institut CPR pour la pr\u00e9vention et la r\u00e9solution des conflits ou toute autre proc\u00e9dure dont les parties peuvent convenir. Les parties conviennent en outre que leur participation respective de bonne foi \u00e0 la m\u00e9diation est une condition pr\u00e9alable \u00e0 la mise en \u0153uvre de tout autre recours l\u00e9gal ou \u00e9quitable disponible, y compris le litige, l&rsquo;arbitrage ou toute autre proc\u00e9dure de r\u00e9solution des conflits.<\/p>\n<h2>RECOUVREMENT DES FRAIS DE LITIGE<\/h2>\n<p>Si une action en justice, un arbitrage ou une autre proc\u00e9dure est engag\u00e9e pour faire appliquer le pr\u00e9sent accord, ou en raison d&rsquo;un pr\u00e9tendu litige, d&rsquo;une violation, d&rsquo;un manquement ou d&rsquo;une fausse d\u00e9claration en rapport avec l&rsquo;une des dispositions du pr\u00e9sent accord, la ou les parties gagnantes auront le droit de recouvrer les honoraires d&rsquo;avocat raisonnables et les autres frais engag\u00e9s dans cette action ou cette proc\u00e9dure, en plus de toute autre r\u00e9paration \u00e0 laquelle elles peuvent avoir droit.<\/p>\n<h2>S\u00c9VERABILIT\u00c9<\/h2>\n<p>Si un arbitre ou un tribunal comp\u00e9tent juge qu&rsquo;un terme, une disposition, un engagement ou une condition du pr\u00e9sent accord est invalide, nul ou inapplicable, le reste de l&rsquo;accord restera en vigueur et ne sera en aucun cas affect\u00e9, alt\u00e9r\u00e9 ou invalid\u00e9.<\/p>\n<h2>AFFECTATION<\/h2>\n<p>Les pr\u00e9sentes conditions g\u00e9n\u00e9rales lient les successeurs et ayants droit des parties et s&rsquo;appliquent \u00e0 leur profit. Les pr\u00e9sentes conditions g\u00e9n\u00e9rales ne peuvent \u00eatre c\u00e9d\u00e9es, d\u00e9l\u00e9gu\u00e9es, conc\u00e9d\u00e9es en sous-licence ou autrement transf\u00e9r\u00e9es par vous. Tout transfert, cession, d\u00e9l\u00e9gation ou sous-licence de votre part est invalide.<\/p>\n<p><strong>Mise \u00e0 jour<\/strong> : janvier 2022<\/p>\n","protected":false},"excerpt":{"rendered":"<p>EN VISITANT evergreencontentposter.io, VOUS CONSENTEZ \u00c0 NOS CONDITIONS D&rsquo;UTILISATION. VUE D&rsquo;ENSEMBLE Les termes \u00a0\u00bb nous \u00ab\u00a0, \u00a0\u00bb notre \u00a0\u00bb et \u00a0\u00bb nos \u00a0\u00bb font r\u00e9f\u00e9rence \u00e0 User Growth Ltd. Le terme \u00a0\u00bb Site \u00a0\u00bb fait r\u00e9f\u00e9rence \u00e0 evergreencontentposter.io. Les termes \u00a0\u00bb utilisateur \u00ab\u00a0, \u00a0\u00bb vous \u00a0\u00bb et \u00a0\u00bb votre \u00a0\u00bb font r\u00e9f\u00e9rence aux visiteurs du [&hellip;]<\/p>\n","protected":false},"author":1,"featured_media":0,"parent":0,"menu_order":0,"comment_status":"closed","ping_status":"closed","template":"","meta":{"_acf_changed":false,"inline_featured_image":false,"_genesis_hide_title":false,"_genesis_hide_breadcrumbs":false,"_genesis_hide_singular_image":false,"_genesis_hide_footer_widgets":false,"_genesis_custom_body_class":"","_genesis_custom_post_class":"","_genesis_layout":"","footnotes":""},"class_list":{"0":"post-718","1":"page","2":"type-page","3":"status-publish","5":"entry"},"acf":[],"_links":{"self":[{"href":"https:\/\/www.evergreencontentposter.com\/fr\/wp-json\/wp\/v2\/pages\/718","targetHints":{"allow":["GET"]}}],"collection":[{"href":"https:\/\/www.evergreencontentposter.com\/fr\/wp-json\/wp\/v2\/pages"}],"about":[{"href":"https:\/\/www.evergreencontentposter.com\/fr\/wp-json\/wp\/v2\/types\/page"}],"author":[{"embeddable":true,"href":"https:\/\/www.evergreencontentposter.com\/fr\/wp-json\/wp\/v2\/users\/1"}],"replies":[{"embeddable":true,"href":"https:\/\/www.evergreencontentposter.com\/fr\/wp-json\/wp\/v2\/comments?post=718"}],"version-history":[{"count":0,"href":"https:\/\/www.evergreencontentposter.com\/fr\/wp-json\/wp\/v2\/pages\/718\/revisions"}],"wp:attachment":[{"href":"https:\/\/www.evergreencontentposter.com\/fr\/wp-json\/wp\/v2\/media?parent=718"}],"curies":[{"name":"wp","href":"https:\/\/api.w.org\/{rel}","templated":true}]}}