{"id":722,"date":"2022-03-22T11:54:02","date_gmt":"2022-03-22T11:54:02","guid":{"rendered":"https:\/\/www.evergreencontentposter.io\/politique-de-confidentialite\/"},"modified":"2022-03-23T14:10:20","modified_gmt":"2022-03-23T14:10:20","slug":"politique-de-confidentialite","status":"publish","type":"page","link":"https:\/\/www.evergreencontentposter.com\/fr\/politique-de-confidentialite\/","title":{"rendered":"Politique de confidentialit\u00e9"},"content":{"rendered":"<p>EN VISITANT evergreencontentposter.io, VOUS CONSENTEZ \u00c0 NOTRE POLITIQUE DE CONFIDENTIALIT\u00c9.<\/p>\n<h2>APER\u00c7U<\/h2>\n<p>User Growth Ltd. s&rsquo;engage \u00e0 prot\u00e9ger votre vie priv\u00e9e en ligne. Cette politique de confidentialit\u00e9 d\u00e9crit les informations personnelles que nous recueillons par le biais de ce site Web \u00e0 evergreencontentposter.io (le \u00ab\u00a0Site\u00a0\u00bb), et comment nous recueillons et utilisons ces informations.<\/p>\n<p>Les termes \u00a0\u00bb nous \u00ab\u00a0, \u00a0\u00bb notre \u00a0\u00bb et \u00a0\u00bb nos \u00a0\u00bb font r\u00e9f\u00e9rence \u00e0 User Growth Ltd. Les termes \u00ab\u00a0utilisateur\u00a0\u00bb, \u00ab\u00a0vous\u00a0\u00bb et \u00ab\u00a0votre\u00a0\u00bb font r\u00e9f\u00e9rence aux visiteurs du site, aux clients et \u00e0 tout autre utilisateur du site.<\/p>\n<p>Le terme \u00ab\u00a0informations personnelles\u00a0\u00bb est d\u00e9fini comme les informations que vous nous fournissez volontairement et qui vous identifient personnellement et\/ou vos coordonn\u00e9es, telles que votre nom, votre num\u00e9ro de t\u00e9l\u00e9phone et votre adresse \u00e9lectronique.<\/p>\n<p>Le site Web d&rsquo;Evergreen Content Poster Extensions (evergreencontentposter.io) est un blog, une brochure num\u00e9rique, un espace r\u00e9serv\u00e9 aux membres et l&rsquo;endroit o\u00f9 les produits sont vendus.<\/p>\n<p>L&rsquo;utilisation du site de User Growth Ltd, y compris tout le mat\u00e9riel pr\u00e9sent\u00e9 ici et tous les services en ligne fournis par User Growth Ltd, est soumise \u00e0 la politique de confidentialit\u00e9 suivante. Cette politique de confidentialit\u00e9 s&rsquo;applique \u00e0 tous les visiteurs du site, aux clients et \u00e0 tous les autres utilisateurs du site. En utilisant le site ou le service, vous acceptez la pr\u00e9sente politique de confidentialit\u00e9, sans modification, et reconnaissez l&rsquo;avoir lue.<\/p>\n<h2>LES INFORMATIONS QUE NOUS RECUEILLONS<\/h2>\n<p>Ce site ne recueille que les informations personnelles que vous nous fournissez volontairement, qui peuvent inclure :<\/p>\n<ul>\n<li>Votre nom<\/li>\n<li>Votre adresse e-mail<\/li>\n<\/ul>\n<p>Les informations que vous fournissez sont utilis\u00e9es pour traiter les transactions, envoyer des courriels p\u00e9riodiques et am\u00e9liorer le service que nous offrons. Nous partageons vos informations avec des tiers de confiance qui nous aident \u00e0 exploiter notre site Web, \u00e0 mener nos activit\u00e9s et \u00e0 servir nos clients et visiteurs. Ces tiers de confiance acceptent de garder ces informations confidentielles. Vos informations personnelles ne seront jamais partag\u00e9es avec des tiers non li\u00e9s.<\/p>\n<h2>ACTIVIT\u00c9<\/h2>\n<p>Nous pouvons enregistrer des informations relatives \u00e0 votre utilisation du Site, telles que les recherches que vous effectuez, les pages que vous consultez, votre type de navigateur, votre adresse IP, l&rsquo;URL demand\u00e9e, l&rsquo;URL de r\u00e9f\u00e9rence et les informations d&rsquo;horodatage. Nous utilisons ce type d&rsquo;informations pour g\u00e9rer le site et vous fournir le meilleur niveau de service possible. Nous utilisons \u00e9galement ces informations dans leur ensemble pour effectuer des analyses statistiques du comportement et des caract\u00e9ristiques des utilisateurs afin de mesurer l&rsquo;int\u00e9r\u00eat et l&rsquo;utilisation des diff\u00e9rentes zones du site.<\/p>\n<h2>COOKIES<\/h2>\n<p>Nous pouvons envoyer des cookies \u00e0 votre ordinateur afin d&rsquo;identifier votre navigateur de mani\u00e8re unique et d&rsquo;am\u00e9liorer la qualit\u00e9 de notre service. Le terme \u00ab\u00a0cookies\u00a0\u00bb d\u00e9signe de petits \u00e9l\u00e9ments d&rsquo;information qu&rsquo;un site web envoie sur le disque dur de votre ordinateur lorsque vous consultez le site. Nous pouvons utiliser \u00e0 la fois des cookies de session (qui expirent lorsque vous fermez votre navigateur) et des cookies persistants (qui restent sur votre ordinateur jusqu&rsquo;\u00e0 ce que vous les supprimiez). Vous avez la possibilit\u00e9 d&rsquo;accepter ou de refuser les cookies en utilisant les param\u00e8tres de votre navigateur web. Si vous choisissez de d\u00e9sactiver les cookies, certaines zones du site peuvent ne pas fonctionner correctement ou ne pas fonctionner du tout. Le site ne r\u00e9pond pas aux signaux \u00ab\u00a0Do Not Track\u00a0\u00bb envoy\u00e9s par votre navigateur.<\/p>\n<h2>LIENS DE TIERS<\/h2>\n<p>Le Site peut contenir des liens vers des sites Web de tiers. Sauf mention contraire dans la pr\u00e9sente politique de confidentialit\u00e9, ce document ne concerne que l&rsquo;utilisation et la divulgation des informations que nous recueillons aupr\u00e8s de vous sur notre site. Les autres sites accessibles par notre site via des liens ou autrement ont leurs propres politiques en mati\u00e8re de confidentialit\u00e9. Nous ne sommes pas responsables des politiques ou pratiques de confidentialit\u00e9 des tiers.<\/p>\n<h2>S\u00c9CURIT\u00c9<\/h2>\n<p>Nous prenons des mesures de s\u00e9curit\u00e9 pour prot\u00e9ger vos informations personnelles contre tout acc\u00e8s non autoris\u00e9, toute utilisation abusive ou toute divulgation. Toutefois, aucun \u00e9change de donn\u00e9es sur Internet ne peut \u00eatre garanti comme \u00e9tant 100 % s\u00fbr. Bien que nous fassions tout notre possible pour prot\u00e9ger les informations personnelles que vous partagez avec nous par le biais de notre site, vous reconnaissez que les informations personnelles que vous partagez volontairement avec nous par le biais de ce site peuvent \u00eatre consult\u00e9es ou modifi\u00e9es par un tiers. Vous acceptez que nous ne soyons pas responsables de toute information intercept\u00e9e et partag\u00e9e par le biais de notre Site sans que nous en ayons connaissance ou sans notre permission. En outre, vous nous lib\u00e9rez de toute r\u00e9clamation d\u00e9coulant de ou li\u00e9e \u00e0 l&rsquo;utilisation de ces informations intercept\u00e9es d&rsquo;une mani\u00e8re non autoris\u00e9e.<\/p>\n<h2>ENFANTS<\/h2>\n<p>Pour acc\u00e9der au site ou l&rsquo;utiliser, vous devez \u00eatre \u00e2g\u00e9 de 18 ans ou plus et avoir le pouvoir et l&rsquo;autorit\u00e9 n\u00e9cessaires pour adh\u00e9rer \u00e0 la pr\u00e9sente politique de confidentialit\u00e9. Il est interdit aux enfants de moins de 18 ans d&rsquo;utiliser le site.<\/p>\n<h2>MISE \u00c0 JOUR DE VOS INFORMATIONS<\/h2>\n<p>Nous respectons vos droits \u00e0 la vie priv\u00e9e et vous fournissons un acc\u00e8s raisonnable \u00e0 vos donn\u00e9es personnelles. Vous pouvez acc\u00e9der, corriger, supprimer et vous opposer \u00e0 notre utilisation de vos informations personnelles. Vous pouvez \u00e9galement nous demander de restreindre l&rsquo;utilisation ou la transmission de vos informations et vous pouvez r\u00e9voquer tout consentement donn\u00e9 pr\u00e9c\u00e9demment pour l&rsquo;utilisation ou la transmission de vos informations.<\/p>\n<p>Vous pouvez acc\u00e9der \u00e0 vos informations personnelles, les corriger ou demander leur suppression en vous connectant \u00e0 votre compte de membre ou en nous contactant par courrier \u00e9lectronique \u00e0 l&rsquo;adresse info@evergreencontentposter.io.<\/p>\n<h2>MODIFICATIONS DE LA PR\u00c9SENTE POLITIQUE DE CONFIDENTIALIT\u00c9<\/h2>\n<p>Vous reconnaissez et acceptez qu&rsquo;il est de votre responsabilit\u00e9 de consulter ce site et cette politique p\u00e9riodiquement et de prendre connaissance de toute modification. Nous vous informerons de toute modification de cette politique de confidentialit\u00e9 en publiant ces modifications sur cette page.<\/p>\n<h2>CONTACTEZ<\/h2>\n<p>Si vous avez des questions sur notre politique de confidentialit\u00e9, veuillez nous envoyer un courriel \u00e0 info@evergreencontentposter.io.<\/p>\n<p><strong>Mise \u00e0 jour<\/strong> : F\u00e9vrier 2022<\/p>\n","protected":false},"excerpt":{"rendered":"<p>EN VISITANT evergreencontentposter.io, VOUS CONSENTEZ \u00c0 NOTRE POLITIQUE DE CONFIDENTIALIT\u00c9. APER\u00c7U User Growth Ltd. s&rsquo;engage \u00e0 prot\u00e9ger votre vie priv\u00e9e en ligne. Cette politique de confidentialit\u00e9 d\u00e9crit les informations personnelles que nous recueillons par le biais de ce site Web \u00e0 evergreencontentposter.io (le \u00ab\u00a0Site\u00a0\u00bb), et comment nous recueillons et utilisons ces informations. Les termes \u00a0\u00bb [&hellip;]<\/p>\n","protected":false},"author":1,"featured_media":0,"parent":0,"menu_order":0,"comment_status":"closed","ping_status":"open","template":"","meta":{"_acf_changed":false,"inline_featured_image":false,"_genesis_hide_title":false,"_genesis_hide_breadcrumbs":false,"_genesis_hide_singular_image":false,"_genesis_hide_footer_widgets":false,"_genesis_custom_body_class":"","_genesis_custom_post_class":"","_genesis_layout":"centered-content","footnotes":""},"class_list":{"0":"post-722","1":"page","2":"type-page","3":"status-publish","5":"entry"},"acf":[],"_links":{"self":[{"href":"https:\/\/www.evergreencontentposter.com\/fr\/wp-json\/wp\/v2\/pages\/722","targetHints":{"allow":["GET"]}}],"collection":[{"href":"https:\/\/www.evergreencontentposter.com\/fr\/wp-json\/wp\/v2\/pages"}],"about":[{"href":"https:\/\/www.evergreencontentposter.com\/fr\/wp-json\/wp\/v2\/types\/page"}],"author":[{"embeddable":true,"href":"https:\/\/www.evergreencontentposter.com\/fr\/wp-json\/wp\/v2\/users\/1"}],"replies":[{"embeddable":true,"href":"https:\/\/www.evergreencontentposter.com\/fr\/wp-json\/wp\/v2\/comments?post=722"}],"version-history":[{"count":0,"href":"https:\/\/www.evergreencontentposter.com\/fr\/wp-json\/wp\/v2\/pages\/722\/revisions"}],"wp:attachment":[{"href":"https:\/\/www.evergreencontentposter.com\/fr\/wp-json\/wp\/v2\/media?parent=722"}],"curies":[{"name":"wp","href":"https:\/\/api.w.org\/{rel}","templated":true}]}}